{"id":49122,"date":"2023-07-05T07:58:12","date_gmt":"2023-07-05T00:58:12","guid":{"rendered":"https:\/\/www.khaolaklanddiscovery.com\/avis\/"},"modified":"2025-10-07T13:11:31","modified_gmt":"2025-10-07T06:11:31","slug":"avis","status":"publish","type":"page","link":"https:\/\/www.khaolaklanddiscovery.com\/fr\/avis\/","title":{"rendered":"Avis"},"content":{"rendered":"\t\t<div data-elementor-type=\"wp-page\" data-elementor-id=\"49122\" class=\"elementor elementor-49122 elementor-23332\" data-elementor-post-type=\"page\">\n\t\t\t\t<div class=\"elementor-element elementor-element-753f2a4 e-flex e-con-boxed e-con e-parent\" data-id=\"753f2a4\" data-element_type=\"container\" data-e-type=\"container\">\n\t\t\t\t\t<div class=\"e-con-inner\">\n\t\t\t\t<div class=\"elementor-element elementor-element-4301ace elementor-widget elementor-widget-heading\" data-id=\"4301ace\" data-element_type=\"widget\" data-e-type=\"widget\" data-widget_type=\"heading.default\">\n\t\t\t\t\t<h2 class=\"elementor-heading-title elementor-size-default\">VOTRE AVIS SUR LA VISITE<\/h2>\t\t\t\t<\/div>\n\t\t\t\t<div class=\"elementor-element elementor-element-a520f9a elementor-widget elementor-widget-text-editor\" data-id=\"a520f9a\" data-element_type=\"widget\" data-e-type=\"widget\" data-widget_type=\"text-editor.default\">\n\t\t\t\t\t\t\t\t\t<p><strong>Bonjour ! Nous sommes ravis de t&rsquo;accueillir ici. Nous aimerions maintenant te demander d&rsquo;\u00e9valuer ton exp\u00e9rience de visite.  <\/strong><\/p><p>Ton \u00e9valuation nous aide \u00e0 am\u00e9liorer continuellement notre service et \u00e0 rendre nos visites encore plus uniques. De plus, ton avis sert de guide et d&rsquo;aide \u00e0 la d\u00e9cision pour tous ceux qui sont int\u00e9ress\u00e9s. Bien entendu, toutes les informations personnelles que tu nous communiques seront trait\u00e9es de mani\u00e8re confidentielle et ne seront publi\u00e9es sur notre site qu&rsquo;avec ton accord.  <\/p><p>Connecte-toi \u00e0 <b>ton compte<\/b> ou soumets le formulaire pour donner ton avis. Merci beaucoup ! <\/p>\t\t\t\t\t\t\t\t<\/div>\n\t\t\t\t<div class=\"elementor-element elementor-element-1f6529e elementor-widget elementor-widget-spacer\" data-id=\"1f6529e\" data-element_type=\"widget\" data-e-type=\"widget\" data-widget_type=\"spacer.default\">\n\t\t\t\t\t\t\t<div class=\"elementor-spacer\">\n\t\t\t<div class=\"elementor-spacer-inner\"><\/div>\n\t\t<\/div>\n\t\t\t\t\t\t<\/div>\n\t\t\t\t<div class=\"elementor-element elementor-element-4971071 elementor-button-align-stretch elementor-widget elementor-widget-form\" data-id=\"4971071\" data-element_type=\"widget\" data-e-type=\"widget\" data-settings=\"{&quot;step_next_label&quot;:&quot;Suivant&quot;,&quot;step_previous_label&quot;:&quot;Pr\\u00e9c\\u00e9dent&quot;,&quot;step_type&quot;:&quot;number_text&quot;,&quot;step_icon_shape&quot;:&quot;circle&quot;}\" data-widget_type=\"form.default\">\n\t\t\t\t\t\t\t<form class=\"elementor-form\" method=\"post\" name=\"Nouveau formulaire\" aria-label=\"Nouveau formulaire\">\n\t\t\t<input type=\"hidden\" name=\"post_id\" value=\"49122\"\/>\n\t\t\t<input type=\"hidden\" name=\"form_id\" value=\"4971071\"\/>\n\t\t\t<input type=\"hidden\" name=\"referer_title\" value=\"\" \/>\n\n\t\t\t\n\t\t\t<div class=\"elementor-form-fields-wrapper elementor-labels-above\">\n\t\t\t\t\t\t\t\t<div class=\"elementor-field-type-text elementor-field-group elementor-column elementor-field-group-name elementor-col-100\">\n\t\t\t\t\t\t\t\t\t\t\t\t<label for=\"form-field-name\" class=\"elementor-field-label\">\n\t\t\t\t\t\t\t\tIntitul\u00e9\t\t\t\t\t\t\t<\/label>\n\t\t\t\t\t\t\t\t\t\t\t\t\t\t<input size=\"1\" type=\"text\" name=\"form_fields[name]\" id=\"form-field-name\" class=\"elementor-field elementor-size-sm  elementor-field-textual\" placeholder=\"Intitul\u00e9\">\n\t\t\t\t\t\t\t\t\t\t\t<\/div>\n\t\t\t\t\t\t\t\t<div class=\"elementor-field-type-email elementor-field-group elementor-column elementor-field-group-email elementor-col-100 elementor-field-required\">\n\t\t\t\t\t\t\t\t\t\t\t\t<label for=\"form-field-email\" class=\"elementor-field-label\">\n\t\t\t\t\t\t\t\tAdresse e-mail\t\t\t\t\t\t\t<\/label>\n\t\t\t\t\t\t\t\t\t\t\t\t\t\t<input size=\"1\" type=\"email\" name=\"form_fields[email]\" id=\"form-field-email\" class=\"elementor-field elementor-size-sm  elementor-field-textual\" placeholder=\"Adresse e-mail\" required=\"required\">\n\t\t\t\t\t\t\t\t\t\t\t<\/div>\n\t\t\t\t\t\t\t\t<div class=\"elementor-field-type-text elementor-field-group elementor-column elementor-field-group-field_b73dad2 elementor-col-50 elementor-field-required\">\n\t\t\t\t\t\t\t\t\t\t\t\t<label for=\"form-field-field_b73dad2\" class=\"elementor-field-label\">\n\t\t\t\t\t\t\t\tNom de la visite\t\t\t\t\t\t\t<\/label>\n\t\t\t\t\t\t\t\t\t\t\t\t\t\t<input size=\"1\" type=\"text\" name=\"form_fields[field_b73dad2]\" id=\"form-field-field_b73dad2\" class=\"elementor-field elementor-size-sm  elementor-field-textual\" placeholder=\"Nom de la visite\" required=\"required\">\n\t\t\t\t\t\t\t\t\t\t\t<\/div>\n\t\t\t\t\t\t\t\t<div class=\"elementor-field-type-date elementor-field-group elementor-column elementor-field-group-field_6c9fa1f elementor-col-50 elementor-field-required\">\n\t\t\t\t\t\t\t\t\t\t\t\t<label for=\"form-field-field_6c9fa1f\" class=\"elementor-field-label\">\n\t\t\t\t\t\t\t\tDate de la visite\t\t\t\t\t\t\t<\/label>\n\t\t\t\t\t\t\n\t\t<input type=\"date\" name=\"form_fields[field_6c9fa1f]\" id=\"form-field-field_6c9fa1f\" class=\"elementor-field elementor-size-sm  elementor-field-textual elementor-date-field elementor-use-native\" placeholder=\"Date de la visite\" required=\"required\" pattern=\"[0-9]{4}-[0-9]{2}-[0-9]{2}\">\n\t\t\t\t\t\t<\/div>\n\t\t\t\t\t\t\t\t<div class=\"elementor-field-type-number elementor-field-group elementor-column elementor-field-group-field_f318c45 elementor-col-30 elementor-field-required\">\n\t\t\t\t\t\t\t\t\t\t\t\t<label for=\"form-field-field_f318c45\" class=\"elementor-field-label\">\n\t\t\t\t\t\t\t\tNOTE DE 0 \u00c0 5 ?\t\t\t\t\t\t\t<\/label>\n\t\t\t\t\t\t\t\t\t<input type=\"number\" name=\"form_fields[field_f318c45]\" id=\"form-field-field_f318c45\" class=\"elementor-field elementor-size-sm  elementor-field-textual\" required=\"required\" min=\"0\" max=\"5\" >\n\t\t\t\t\t\t<\/div>\n\t\t\t\t\t\t\t\t<div class=\"elementor-field-type-textarea elementor-field-group elementor-column elementor-field-group-message elementor-col-100\">\n\t\t\t\t\t\t\t\t\t\t\t\t<label for=\"form-field-message\" class=\"elementor-field-label\">\n\t\t\t\t\t\t\t\tMessage\t\t\t\t\t\t\t<\/label>\n\t\t\t\t\t\t<textarea class=\"elementor-field-textual elementor-field  elementor-size-sm\" name=\"form_fields[message]\" id=\"form-field-message\" rows=\"4\" placeholder=\"Message\"><\/textarea>\t\t\t\t<\/div>\n\t\t\t\t\t\t\t\t<div class=\"elementor-field-type-recaptcha_v3 elementor-field-group elementor-column elementor-field-group-field_72dd1ce elementor-col-100 recaptcha_v3-bottomright\">\n\t\t\t\t\t<div class=\"elementor-field\" id=\"form-field-field_72dd1ce\"><div class=\"elementor-g-recaptcha\" data-sitekey=\"6LcT_agUAAAAAOvMQuOSj9YhpnKNfx65GNO02D34\" data-type=\"v3\" data-action=\"Form\" data-badge=\"bottomright\" data-size=\"invisible\"><\/div><\/div>\t\t\t\t<\/div>\n\t\t\t\t\t\t\t\t<div class=\"elementor-field-group elementor-column elementor-field-type-submit elementor-col-100 e-form__buttons\">\n\t\t\t\t\t<button class=\"elementor-button elementor-size-xl\" type=\"submit\">\n\t\t\t\t\t\t<span class=\"elementor-button-content-wrapper\">\n\t\t\t\t\t\t\t\t\t\t\t\t\t\t\t\t\t\t\t\t\t\t<span class=\"elementor-button-text\">Envoyer<\/span>\n\t\t\t\t\t\t\t\t\t\t\t\t\t<\/span>\n\t\t\t\t\t<\/button>\n\t\t\t\t<\/div>\n\t\t\t<\/div>\n\t\t<\/form>\n\t\t\t\t\t\t<\/div>\n\t\t\t\t\t<\/div>\n\t\t\t\t<\/div>\n\t\t<div class=\"elementor-element elementor-element-e89a26b e-flex e-con-boxed e-con e-parent\" data-id=\"e89a26b\" data-element_type=\"container\" data-e-type=\"container\">\n\t\t\t\t\t<div class=\"e-con-inner\">\n\t\t\t\t<div class=\"elementor-element elementor-element-3e83c91 elementor-widget elementor-widget-heading\" data-id=\"3e83c91\" data-element_type=\"widget\" data-e-type=\"widget\" data-widget_type=\"heading.default\">\n\t\t\t\t\t<h3 class=\"elementor-heading-title elementor-size-default\">\u00c9value-nous sur :<\/h3>\t\t\t\t<\/div>\n\t\t\t\t\t<\/div>\n\t\t\t\t<\/div>\n\t\t<div class=\"elementor-element elementor-element-1740015 e-flex e-con-boxed e-con e-parent\" data-id=\"1740015\" data-element_type=\"container\" data-e-type=\"container\">\n\t\t\t\t\t<div class=\"e-con-inner\">\n\t\t<div class=\"elementor-element elementor-element-4d1decc e-con-full e-flex e-con e-child\" data-id=\"4d1decc\" data-element_type=\"container\" data-e-type=\"container\">\n\t\t\t\t<div class=\"elementor-element elementor-element-6d97d41 elementor-widget elementor-widget-image\" data-id=\"6d97d41\" data-element_type=\"widget\" data-e-type=\"widget\" data-widget_type=\"image.default\">\n\t\t\t\t\t\t\t\t\t\t\t\t\t\t\t\t<a href=\"https:\/\/search.google.com\/local\/writereview?placeid=ChIJxeWyAcXuUDARMVBMgAiC1Hs\" target=\"_blank\" rel=\"nofollow noopener\">\n\t\t\t\t\t\t\t<img loading=\"lazy\" decoding=\"async\" width=\"600\" height=\"374\" src=\"https:\/\/www.khaolaklanddiscovery.com\/wp-content\/uploads\/2023\/07\/Google-Review-PNG-Image-600x374.png\" class=\"attachment-woocommerce_single size-woocommerce_single wp-image-23346\" alt=\"Avis Google\" srcset=\"https:\/\/www.khaolaklanddiscovery.com\/wp-content\/uploads\/2023\/07\/Google-Review-PNG-Image-600x374.png 600w, https:\/\/www.khaolaklanddiscovery.com\/wp-content\/uploads\/2023\/07\/Google-Review-PNG-Image-768x479.png 768w, https:\/\/www.khaolaklanddiscovery.com\/wp-content\/uploads\/2023\/07\/Google-Review-PNG-Image.png 1024w\" sizes=\"auto, (max-width: 600px) 100vw, 600px\" loading=\"lazy\" title=\"-\">\t\t\t\t\t\t\t\t<\/a>\n\t\t\t\t\t\t\t\t\t\t\t\t\t\t\t<\/div>\n\t\t\t\t<\/div>\n\t\t<div class=\"elementor-element elementor-element-46f6d79 e-con-full e-flex e-con e-child\" data-id=\"46f6d79\" data-element_type=\"container\" data-e-type=\"container\">\n\t\t\t\t<div class=\"elementor-element elementor-element-e24a9e0 elementor-widget elementor-widget-image\" data-id=\"e24a9e0\" data-element_type=\"widget\" data-e-type=\"widget\" data-widget_type=\"image.default\">\n\t\t\t\t\t\t\t\t\t\t\t\t\t\t\t\t<a href=\"https:\/\/www.tripadvisor.com\/UserReview-g297914-d1960808-Khao_Lak_Land_Discovery-Khao_Lak_Phang_Nga_Province.html\" target=\"_blank\" rel=\"nofollow noopener\">\n\t\t\t\t\t\t\t<img loading=\"lazy\" decoding=\"async\" width=\"600\" height=\"255\" src=\"https:\/\/www.khaolaklanddiscovery.com\/wp-content\/uploads\/2023\/07\/trustpilot-logo-snijpunt.1600x680x1-600x255.png\" class=\"attachment-woocommerce_single size-woocommerce_single wp-image-23355\" alt=\"-\" srcset=\"https:\/\/www.khaolaklanddiscovery.com\/wp-content\/uploads\/2023\/07\/trustpilot-logo-snijpunt.1600x680x1-600x255.png 600w, https:\/\/www.khaolaklanddiscovery.com\/wp-content\/uploads\/2023\/07\/trustpilot-logo-snijpunt.1600x680x1-768x326.png 768w, https:\/\/www.khaolaklanddiscovery.com\/wp-content\/uploads\/2023\/07\/trustpilot-logo-snijpunt.1600x680x1.png 1600w\" sizes=\"auto, (max-width: 600px) 100vw, 600px\" loading=\"lazy\" title=\"-\">\t\t\t\t\t\t\t\t<\/a>\n\t\t\t\t\t\t\t\t\t\t\t\t\t\t\t<\/div>\n\t\t\t\t<\/div>\n\t\t<div class=\"elementor-element elementor-element-7f92de4 e-con-full e-flex e-con e-child\" data-id=\"7f92de4\" data-element_type=\"container\" data-e-type=\"container\">\n\t\t\t\t<div class=\"elementor-element elementor-element-252f1fd elementor-widget elementor-widget-image\" data-id=\"252f1fd\" data-element_type=\"widget\" data-e-type=\"widget\" data-widget_type=\"image.default\">\n\t\t\t\t\t\t\t\t\t\t\t\t\t\t\t\t<a href=\"https:\/\/www.getyourguide.com\/khao-lak-land-discovery-co-ltd-s203466\/\" target=\"_blank\" rel=\"nofollow noopener\">\n\t\t\t\t\t\t\t<img loading=\"lazy\" decoding=\"async\" width=\"600\" height=\"513\" src=\"https:\/\/www.khaolaklanddiscovery.com\/wp-content\/uploads\/2023\/07\/GetYourGuide_company_logo-600x513.png\" class=\"attachment-woocommerce_single size-woocommerce_single wp-image-23361\" alt=\"Get Your Guide Review\" srcset=\"https:\/\/www.khaolaklanddiscovery.com\/wp-content\/uploads\/2023\/07\/GetYourGuide_company_logo-600x513.png 600w, https:\/\/www.khaolaklanddiscovery.com\/wp-content\/uploads\/2023\/07\/GetYourGuide_company_logo-768x657.png 768w, https:\/\/www.khaolaklanddiscovery.com\/wp-content\/uploads\/2023\/07\/GetYourGuide_company_logo.png 1200w\" sizes=\"auto, (max-width: 600px) 100vw, 600px\" loading=\"lazy\" title=\"-\">\t\t\t\t\t\t\t\t<\/a>\n\t\t\t\t\t\t\t\t\t\t\t\t\t\t\t<\/div>\n\t\t\t\t<\/div>\n\t\t<div class=\"elementor-element elementor-element-43e9859 e-con-full e-flex e-con e-child\" data-id=\"43e9859\" data-element_type=\"container\" data-e-type=\"container\">\n\t\t\t\t<div class=\"elementor-element elementor-element-c36af13 elementor-widget elementor-widget-image\" data-id=\"c36af13\" data-element_type=\"widget\" data-e-type=\"widget\" data-widget_type=\"image.default\">\n\t\t\t\t\t\t\t\t\t\t\t\t\t\t\t\t<a href=\"https:\/\/www.tripadvisor.com\/UserReviewEdit-g297914-d1960808-Khao_Lak_Land_Discovery-Khao_Lak_Takua_Pa_Phang_Nga_Province.html\" target=\"_blank\" rel=\"nofollow noopener\">\n\t\t\t\t\t\t\t<img loading=\"lazy\" decoding=\"async\" width=\"600\" height=\"400\" src=\"https:\/\/www.khaolaklanddiscovery.com\/wp-content\/uploads\/2023\/07\/TripAdvisor-Logo.wine_-600x400.png\" class=\"attachment-woocommerce_single size-woocommerce_single wp-image-23352\" alt=\"-\" srcset=\"https:\/\/www.khaolaklanddiscovery.com\/wp-content\/uploads\/2023\/07\/TripAdvisor-Logo.wine_-600x400.png 600w, https:\/\/www.khaolaklanddiscovery.com\/wp-content\/uploads\/2023\/07\/TripAdvisor-Logo.wine_-768x512.png 768w\" sizes=\"auto, (max-width: 600px) 100vw, 600px\" loading=\"lazy\" title=\"-\">\t\t\t\t\t\t\t\t<\/a>\n\t\t\t\t\t\t\t\t\t\t\t\t\t\t\t<\/div>\n\t\t\t\t<\/div>\n\t\t\t\t\t<\/div>\n\t\t\t\t<\/div>\n\t\t<div class=\"elementor-element elementor-element-babd14b e-flex e-con-boxed e-con e-parent\" data-id=\"babd14b\" data-element_type=\"container\" data-e-type=\"container\">\n\t\t\t\t\t<div class=\"e-con-inner\">\n\t\t\t\t<div class=\"elementor-element elementor-element-a53fe07 elementor-widget elementor-widget-spacer\" data-id=\"a53fe07\" data-element_type=\"widget\" data-e-type=\"widget\" data-widget_type=\"spacer.default\">\n\t\t\t\t\t\t\t<div class=\"elementor-spacer\">\n\t\t\t<div class=\"elementor-spacer-inner\"><\/div>\n\t\t<\/div>\n\t\t\t\t\t\t<\/div>\n\t\t\t\t\t<\/div>\n\t\t\t\t<\/div>\n\t\t\t\t<\/div>\n\t\t","protected":false},"excerpt":{"rendered":"<p>VOTRE AVIS SUR LA VISITE Bonjour ! Nous sommes ravis de t&rsquo;accueillir ici. Nous aimerions maintenant te demander d&rsquo;\u00e9valuer ton exp\u00e9rience de visite. Ton \u00e9valuation nous aide \u00e0 am\u00e9liorer continuellement notre service et \u00e0 rendre nos visites encore plus uniques. De plus, ton avis sert de guide et d&rsquo;aide \u00e0 la d\u00e9cision pour tous ceux [&hellip;]<\/p>\n","protected":false},"author":1,"featured_media":0,"parent":0,"menu_order":0,"comment_status":"closed","ping_status":"closed","template":"elementor_header_footer","meta":{"footnotes":""},"class_list":["post-49122","page","type-page","status-publish","has-post-thumbnail","hentry"],"_links":{"self":[{"href":"https:\/\/www.khaolaklanddiscovery.com\/fr\/wp-json\/wp\/v2\/pages\/49122","targetHints":{"allow":["GET"]}}],"collection":[{"href":"https:\/\/www.khaolaklanddiscovery.com\/fr\/wp-json\/wp\/v2\/pages"}],"about":[{"href":"https:\/\/www.khaolaklanddiscovery.com\/fr\/wp-json\/wp\/v2\/types\/page"}],"author":[{"embeddable":true,"href":"https:\/\/www.khaolaklanddiscovery.com\/fr\/wp-json\/wp\/v2\/users\/1"}],"replies":[{"embeddable":true,"href":"https:\/\/www.khaolaklanddiscovery.com\/fr\/wp-json\/wp\/v2\/comments?post=49122"}],"version-history":[{"count":0,"href":"https:\/\/www.khaolaklanddiscovery.com\/fr\/wp-json\/wp\/v2\/pages\/49122\/revisions"}],"wp:attachment":[{"href":"https:\/\/www.khaolaklanddiscovery.com\/fr\/wp-json\/wp\/v2\/media?parent=49122"}],"curies":[{"name":"wp","href":"https:\/\/api.w.org\/{rel}","templated":true}]}}