{"id":46089,"date":"2024-11-21T18:38:05","date_gmt":"2024-11-21T11:38:05","guid":{"rendered":"https:\/\/www.khaolaklanddiscovery.com\/?page_id=46089"},"modified":"2026-05-14T06:25:29","modified_gmt":"2026-05-13T23:25:29","slug":"conditions-generales","status":"publish","type":"page","link":"https:\/\/www.khaolaklanddiscovery.com\/fr\/conditions-generales\/","title":{"rendered":"Conditions g\u00e9n\u00e9rales d&rsquo;utilisation"},"content":{"rendered":"\t\t<div data-elementor-type=\"wp-page\" data-elementor-id=\"46089\" class=\"elementor elementor-46089 elementor-40391\" data-elementor-post-type=\"page\">\n\t\t\t\t<div class=\"elementor-element elementor-element-1968497d e-flex e-con-boxed e-con e-parent\" data-id=\"1968497d\" data-element_type=\"container\" data-e-type=\"container\">\n\t\t\t\t\t<div class=\"e-con-inner\">\n\t\t\t\t<div class=\"elementor-element elementor-element-127a9b87 elementor-widget elementor-widget-text-editor\" data-id=\"127a9b87\" data-element_type=\"widget\" data-e-type=\"widget\" data-widget_type=\"text-editor.default\">\n\t\t\t\t\t\t\t\t\t<h2 style=\"text-align: center; padding: 1em;\">CONDITIONS G\u00c9N\u00c9RALES<\/h2>\n<ul>\n \t<li>Nous nous r\u00e9servons le droit d&rsquo;annuler, de modifier ou de reprogrammer toute excursion en cas de mauvais temps, de conditions maritimes d\u00e9favorables ou de \u00ab\u00a0force majeure\u00a0\u00bb. Si nous annulons une excursion et qu&rsquo;il n&rsquo;est pas possible de la reprogrammer, un remboursement complet sera effectu\u00e9 au client. Les frais d&rsquo;entr\u00e9e au parc des \u00eeles Similan ne sont pas remboursables.  <\/li>\n \t<li>Veuillez noter que tous les programmes d&rsquo;excursion ne fonctionnent pas quotidiennement. Merci de v\u00e9rifier la disponibilit\u00e9 de l&rsquo;excursion qui t&rsquo;int\u00e9resse aupr\u00e8s de notre bureau ou de l&rsquo;un de nos repr\u00e9sentants commerciaux. <\/li>\n \t<li>Tous les clients sont responsables de leur propre s\u00e9curit\u00e9 personnelle lors de nos excursions et doivent \u00eatre conscients de tous les dangers potentiels li\u00e9s aux activit\u00e9s auxquelles ils participent.<\/li>\n \t<li>Les instructions et directives fournies par les guides touristiques doivent \u00eatre respect\u00e9es \u00e0 tout moment.<\/li>\n \t<li>Tous les clients sont tenus de manipuler et d&rsquo;utiliser l&rsquo;\u00e9quipement fourni par Khao Lak Land Discovery Co. Ltd. avec soin pour \u00e9viter tout dommage, accident ou blessure. <\/li>\n \t<li>Pour des raisons de s\u00e9curit\u00e9, nous recommandons aux clients de s&rsquo;asseoir \u00e0 l&rsquo;arri\u00e8re du bateau rapide lorsqu&rsquo;il est en mouvement en raison du risque accru de blessures.<\/li>\n \t<li>Khao Lak Land Discovery Co. Ltd. n&rsquo;est pas responsable de la perte ou de l&rsquo;endommagement des effets personnels. <\/li>\n \t<li>Les personnes de plus de 75 ans et les enfants de moins de 2 ans ne sont pas couverts par notre police d&rsquo;assurance accident.<\/li>\n \t<li>Les femmes enceintes, les enfants de moins de 4 ans et les personnes de plus de 75 ans ne sont pas autoris\u00e9s \u00e0 participer \u00e0 nos excursions en bateau rapide.<\/li>\n<\/ul>\n<h2 style=\"text-align: center; padding: 1em;\">POLITIQUE D&rsquo;ANNULATION<\/h2>\n<ul>\n \t<li>Annulations des excursions d&rsquo;une journ\u00e9e compl\u00e8te, d&rsquo;une demi-journ\u00e9e et en bateau rapide : Les clients doivent informer notre bureau d&rsquo;une annulation au minimum 24 heures avant l&rsquo;excursion pr\u00e9vue pour recevoir un remboursement complet. Les frais d&rsquo;entr\u00e9e au parc des \u00eeles Similan ne sont pas remboursables. Aucun remboursement ne sera effectu\u00e9 pour les annulations faites dans les 24 heures pr\u00e9c\u00e9dant l&rsquo;excursion.  <\/li>\n \t<li>Annulations des excursions avec nuit\u00e9e et des locations priv\u00e9es de bateaux rapides : Les clients doivent informer notre bureau de toute annulation au minimum 7 jours avant l&rsquo;excursion pr\u00e9vue pour recevoir un remboursement complet. Les annulations effectu\u00e9es apr\u00e8s 7 jours et avant 72 heures de l&rsquo;excursion donnent droit \u00e0 un remboursement de 50%. Aucun remboursement ne sera effectu\u00e9 pour les annulations faites dans les 72 heures pr\u00e9c\u00e9dant l&rsquo;excursion. Les frais d&rsquo;entr\u00e9e au parc des \u00eeles Similan ne sont pas remboursables.   <\/li>\n \t<li>Annulations pour cause de maladie ou de blessure dans les 24 heures pr\u00e9c\u00e9dant l&rsquo;excursion pr\u00e9vue : Merci de fournir un certificat m\u00e9dical officiel d&rsquo;un h\u00f4pital ou d&rsquo;une clinique tha\u00eflandaise. Nous travaillerons ensuite avec toi pour trouver la meilleure solution possible. <\/li>\n<\/ul>\t\t\t\t\t\t\t\t<\/div>\n\t\t\t\t\t<\/div>\n\t\t\t\t<\/div>\n\t\t\t\t<\/div>\n\t\t","protected":false},"excerpt":{"rendered":"<p>CONDITIONS G\u00c9N\u00c9RALES Nous nous r\u00e9servons le droit d&rsquo;annuler, de modifier ou de reprogrammer toute excursion en cas de mauvais temps, de conditions maritimes d\u00e9favorables ou de \u00ab\u00a0force majeure\u00a0\u00bb. Si nous annulons une excursion et qu&rsquo;il n&rsquo;est pas possible de la reprogrammer, un remboursement complet sera effectu\u00e9 au client. Les frais d&rsquo;entr\u00e9e au parc des \u00eeles [&hellip;]<\/p>\n","protected":false},"author":1,"featured_media":0,"parent":0,"menu_order":0,"comment_status":"closed","ping_status":"closed","template":"elementor_header_footer","meta":{"footnotes":""},"class_list":["post-46089","page","type-page","status-publish","has-post-thumbnail","hentry"],"_links":{"self":[{"href":"https:\/\/www.khaolaklanddiscovery.com\/fr\/wp-json\/wp\/v2\/pages\/46089","targetHints":{"allow":["GET"]}}],"collection":[{"href":"https:\/\/www.khaolaklanddiscovery.com\/fr\/wp-json\/wp\/v2\/pages"}],"about":[{"href":"https:\/\/www.khaolaklanddiscovery.com\/fr\/wp-json\/wp\/v2\/types\/page"}],"author":[{"embeddable":true,"href":"https:\/\/www.khaolaklanddiscovery.com\/fr\/wp-json\/wp\/v2\/users\/1"}],"replies":[{"embeddable":true,"href":"https:\/\/www.khaolaklanddiscovery.com\/fr\/wp-json\/wp\/v2\/comments?post=46089"}],"version-history":[{"count":1,"href":"https:\/\/www.khaolaklanddiscovery.com\/fr\/wp-json\/wp\/v2\/pages\/46089\/revisions"}],"predecessor-version":[{"id":53895,"href":"https:\/\/www.khaolaklanddiscovery.com\/fr\/wp-json\/wp\/v2\/pages\/46089\/revisions\/53895"}],"wp:attachment":[{"href":"https:\/\/www.khaolaklanddiscovery.com\/fr\/wp-json\/wp\/v2\/media?parent=46089"}],"curies":[{"name":"wp","href":"https:\/\/api.w.org\/{rel}","templated":true}]}}