{"id":24820,"date":"2023-07-05T04:34:09","date_gmt":"2023-07-04T21:34:09","guid":{"rendered":"https:\/\/www.khaolaklanddiscovery.com\/about-us\/"},"modified":"2026-05-16T12:06:07","modified_gmt":"2026-05-16T05:06:07","slug":"about-us","status":"publish","type":"page","link":"https:\/\/www.khaolaklanddiscovery.com\/fr\/about-us\/","title":{"rendered":"\u00c0 propos de nous"},"content":{"rendered":"\t\t<div data-elementor-type=\"wp-page\" data-elementor-id=\"24820\" class=\"elementor elementor-24820 elementor-23235\" data-elementor-post-type=\"page\">\n\t\t\t\t<div class=\"elementor-element elementor-element-ec5941a e-flex e-con-boxed e-con e-parent\" data-id=\"ec5941a\" data-element_type=\"container\" data-e-type=\"container\" data-settings=\"{&quot;background_background&quot;:&quot;classic&quot;}\">\n\t\t\t\t\t<div class=\"e-con-inner\">\n\t\t<div class=\"elementor-element elementor-element-6ace0d5 e-con-full e-flex e-con e-child\" data-id=\"6ace0d5\" data-element_type=\"container\" data-e-type=\"container\">\n\t\t\t\t<div class=\"elementor-element elementor-element-a58e96e elementor-widget elementor-widget-heading\" data-id=\"a58e96e\" data-element_type=\"widget\" data-e-type=\"widget\" data-widget_type=\"heading.default\">\n\t\t\t\t\t<h2 class=\"elementor-heading-title elementor-size-default\">\u00c0 propos de nous<\/h2>\t\t\t\t<\/div>\n\t\t\t\t<\/div>\n\t\t<div class=\"elementor-element elementor-element-e76b0f9 e-con-full e-flex e-con e-child\" data-id=\"e76b0f9\" data-element_type=\"container\" data-e-type=\"container\">\n\t\t<div class=\"elementor-element elementor-element-63c9347 e-con-full e-flex e-con e-child\" data-id=\"63c9347\" data-element_type=\"container\" data-e-type=\"container\">\n\t\t\t\t<div class=\"elementor-element elementor-element-52f1914 elementor-widget elementor-widget-image\" data-id=\"52f1914\" data-element_type=\"widget\" data-e-type=\"widget\" data-widget_type=\"image.default\">\n\t\t\t\t\t\t\t\t\t\t\t\t\t\t\t<img loading=\"lazy\" decoding=\"async\" width=\"300\" height=\"300\" src=\"https:\/\/www.khaolaklanddiscovery.com\/wp-content\/uploads\/2022\/09\/khao-lak-land-discovery-logo-300x300-1-300x300.png\" class=\"attachment-medium size-medium wp-image-15766\" alt=\"Khao Lak land discovery - Excursions \u00e0 Khao Lak\" srcset=\"https:\/\/www.khaolaklanddiscovery.com\/wp-content\/uploads\/2022\/09\/khao-lak-land-discovery-logo-300x300-1.png 300w, https:\/\/www.khaolaklanddiscovery.com\/wp-content\/uploads\/2022\/09\/khao-lak-land-discovery-logo-300x300-1-100x100.png 100w, https:\/\/www.khaolaklanddiscovery.com\/wp-content\/uploads\/2022\/09\/khao-lak-land-discovery-logo-300x300-1-600x600.png 600w, https:\/\/www.khaolaklanddiscovery.com\/wp-content\/uploads\/2022\/09\/khao-lak-land-discovery-logo-300x300-1-1024x1024.png 1024w, https:\/\/www.khaolaklanddiscovery.com\/wp-content\/uploads\/2022\/09\/khao-lak-land-discovery-logo-300x300-1-768x768.png 768w, https:\/\/www.khaolaklanddiscovery.com\/wp-content\/uploads\/2022\/09\/khao-lak-land-discovery-logo-300x300-1-1536x1536.png 1536w, https:\/\/www.khaolaklanddiscovery.com\/wp-content\/uploads\/2022\/09\/khao-lak-land-discovery-logo-300x300-1-2048x2048.png 2048w, https:\/\/www.khaolaklanddiscovery.com\/wp-content\/uploads\/2022\/09\/khao-lak-land-discovery-logo-300x300-1-96x96.png 96w\" sizes=\"auto, (max-width: 300px) 100vw, 300px\" loading=\"lazy\" title=\"-\">\t\t\t\t\t\t\t\t\t\t\t\t\t\t\t<\/div>\n\t\t\t\t<div class=\"elementor-element elementor-element-3dcef78 elementor-widget elementor-widget-text-editor\" data-id=\"3dcef78\" data-element_type=\"widget\" data-e-type=\"widget\" data-widget_type=\"text-editor.default\">\n\t\t\t\t\t\t\t\t\t<h4><span style=\"font-size: 10pt;\"><strong>KHAO LAK LAND DISCOVERY CO., LTD.<\/strong><\/span><\/h4>\n<p>21\/5 Moo7, Thanon Petchkasem, Tambon Khuk Khak, Ampoe Takua Pa<br \/>82220 Phang Nga, Tha\u00eflande<\/p>\n<table style=\"border-collapse: collapse; width: 100%; height: 248px;\">\n<tbody>\n<tr style=\"height: 24px;\">\n<td style=\"width: 20%; height: 48px;\">\n<div class=\"vc_row wpb_row section vc_row-fluid vc_inner \">\n<div class=\" full_section_inner clearfix\">\n<div class=\"wpb_column vc_column_container vc_col-sm-12\">\n<div class=\"vc_column-inner\">\n<div class=\"wpb_wrapper\">\n<div class=\"wpb_text_column wpb_content_element \">\n<div class=\"wpb_wrapper\"> <\/div>\n<\/div>\n<\/div>\n<\/div>\n<\/div>\n<\/div>\n<\/div>\n<div class=\"vc_row wpb_row section vc_row-fluid vc_inner \">\n<div class=\" full_section_inner clearfix\">\n<div class=\"wpb_column vc_column_container vc_col-sm-6\">\n<div class=\"vc_column-inner\">\n<div class=\"wpb_wrapper\">\n<div class=\"wpb_text_column wpb_content_element \">\n<div class=\"wpb_wrapper\"><strong>T\u00e9l\u00e9phone :<\/strong><\/div>\n<\/div>\n<\/div>\n<\/div>\n<\/div>\n<\/div>\n<\/div>\n<\/td>\n<td style=\"width: 80%; height: 24px;\">+66(0)76\/485 411<\/td>\n<\/tr>\n<tr style=\"height: 24px;\">\n<td style=\"width: 20.2485%; height: 24px;\">\n  <strong>Mobile :<\/strong>\n<\/td>\n<td style=\"width: 79.7515%; height: 24px;\">+66 (0) 81 979 0684 (op\u00e9rations touristiques)<\/td>\n<\/tr>\n<tr style=\"height: 24px;\">\n<td style=\"width: 20.2485%; height: 24px;\">\n  <strong>Mobile :<\/strong>\n<\/td>\n<td style=\"width: 79.7515%; height: 24px;\">+66 (0) 83 104 0684 (service de transfert)<\/td>\n<\/tr>\n<tr style=\"height: 24px;\">\n<td style=\"width: 20%; height: 24px;\">\n  <strong>E-MAIL :<\/strong>\n<\/td>\n<td style=\"width: 80%; height: 24px;\">\n  <a href=\"mailto:contact@khaolaklanddiscovery.com\">contact@khaolaklanddiscovery.com<\/a>\n<\/td>\n<\/tr>\n<tr>\n<td style=\"width: 20%; height: 24px;\">\n  <strong>Site web :<\/strong>\n<\/td>\n<td style=\"width: 80%; height: 24px;\">\n  <a href=\"https:\/\/www.khaolaklanddiscovery.com\/fr\/\">www.khaolaklanddiscovery.com<\/a>\n<\/td>\n<\/tr>\n<\/tbody>\n<\/table>\n<div class=\"vc_row wpb_row section vc_row-fluid vc_inner \">\n<div class=\" full_section_inner clearfix\">\n<div class=\"wpb_column vc_column_container vc_col-sm-6\">\n<div class=\"vc_column-inner\">\n<div class=\"wpb_wrapper\">\n<div class=\"wpb_text_column wpb_content_element \">\n<div class=\"wpb_wrapper\"> <\/div>\n<\/div>\n<\/div>\n<\/div>\n<\/div>\n<\/div>\n<\/div>\n\t\t\t\t\t\t\t\t<\/div>\n\t\t\t\t<\/div>\n\t\t<div class=\"elementor-element elementor-element-3bd58b9 e-con-full e-flex e-con e-child\" data-id=\"3bd58b9\" data-element_type=\"container\" data-e-type=\"container\">\n\t\t\t\t<div class=\"elementor-element elementor-element-551f4e8 elementor-widget elementor-widget-heading\" data-id=\"551f4e8\" data-element_type=\"widget\" data-e-type=\"widget\" data-widget_type=\"heading.default\">\n\t\t\t\t\t<h3 class=\"elementor-heading-title elementor-size-default\">KHAO LAK LAND DISCOVERY<\/h3>\t\t\t\t<\/div>\n\t\t\t\t<div class=\"elementor-element elementor-element-660e8c7 elementor-widget elementor-widget-text-editor\" data-id=\"660e8c7\" data-element_type=\"widget\" data-e-type=\"widget\" data-widget_type=\"text-editor.default\">\n\t\t\t\t\t\t\t\t\t<p>Nous proposons des voyages professionnels, individuels et combin\u00e9s. Nous avons des voyages de plusieurs jours, des visites priv\u00e9es, des excursions personnalis\u00e9es et des visites de groupe, tous disponibles pour que tu puisses d\u00e9couvrir la beaut\u00e9 naturelle \u00e0 couper le souffle et la culture native de la Tha\u00eflande. Jette un \u0153il \u00e0 notre page Tours ainsi qu&rsquo;\u00e0 Taxi &amp; Transferts, pour obtenir plus d&rsquo;informations int\u00e9ressantes sur les diff\u00e9rents parcs nationaux et sur la disponibilit\u00e9.<\/p>\n\t\t\t\t\t\t\t\t<\/div>\n\t\t\t\t<div class=\"elementor-element elementor-element-2e76f0d elementor-widget elementor-widget-heading\" data-id=\"2e76f0d\" data-element_type=\"widget\" data-e-type=\"widget\" data-widget_type=\"heading.default\">\n\t\t\t\t\t<h4 class=\"elementor-heading-title elementor-size-default\">NOTRE BUREAU ET NOTRE \u00c9QUIPE<\/h4>\t\t\t\t<\/div>\n\t\t\t\t<div class=\"elementor-element elementor-element-d19b76a elementor-widget elementor-widget-text-editor\" data-id=\"d19b76a\" data-element_type=\"widget\" data-e-type=\"widget\" data-widget_type=\"text-editor.default\">\n\t\t\t\t\t\t\t\t\t<p><span style=\"color: var( --e-global-color-text ); font-size: var( --e-global-typography-text-font-size ); font-weight: var( --e-global-typography-text-font-weight ); text-align: var(--text-align);\">Notre agence de voyages n&rsquo;est pas un site web impersonnel. Le bureau de Khao Lak Land Discovery est ouvert tous les jours de 09h00 \u00e0 21h00, tu peux le trouver au c\u0153ur de Khao Lak (Ban La Own) sur la route principale pr\u00e8s de Nang Thong Beach. Ici, nous proposons une vari\u00e9t\u00e9 de services pour rendre ton s\u00e9jour aussi agr\u00e9able que possible ; n&rsquo;h\u00e9site pas \u00e0 nous rendre visite pour toute question concernant les transferts, les taxis, le change de devises, les excursions, les billets d&rsquo;avion, l&rsquo;immobilier ou tout autre sujet sur lequel tu pourrais avoir une question pendant tes vacances. Khao Lak Land Discovery est \u00e9galement une soci\u00e9t\u00e9 de gestion de destination (DMC) avec des repr\u00e9sentants parlant anglais, allemand et fran\u00e7ais. <\/span><\/p>\n\t\t\t\t\t\t\t\t<\/div>\n\t\t\t\t<div class=\"elementor-element elementor-element-762a4ac elementor-widget elementor-widget-heading\" data-id=\"762a4ac\" data-element_type=\"widget\" data-e-type=\"widget\" data-widget_type=\"heading.default\">\n\t\t\t\t\t<h4 class=\"elementor-heading-title elementor-size-default\">QUALIT\u00c9<\/h4>\t\t\t\t<\/div>\n\t\t\t\t<div class=\"elementor-element elementor-element-9e57c07 elementor-widget elementor-widget-text-editor\" data-id=\"9e57c07\" data-element_type=\"widget\" data-e-type=\"widget\" data-widget_type=\"text-editor.default\">\n\t\t\t\t\t\t\t\t\t<p><span style=\"color: var( --e-global-color-text ); font-size: var( --e-global-typography-text-font-size ); font-weight: var( --e-global-typography-text-font-weight ); text-align: var(--text-align);\">Nous avons une vaste exp\u00e9rience des visites autour de Khao Lak, KLLD est l&rsquo;un des plus anciens et des plus performants tour-op\u00e9rateurs de la r\u00e9gion. Nous sommes sp\u00e9cialis\u00e9s dans les voyages vers la baie de Phang Nga (l&rsquo;\u00eele de James Bond), le parc national de Khao Sok, les \u00eeles Similan, le parc national de Khao Lak Lamru, les \u00eeles Surin, Koh Tachai et bien plus encore. Nous nous effor\u00e7ons toujours d&rsquo;offrir le meilleur service aux clients et proposons des visites en petits groupes en minibus \u00e0 tr\u00e8s bon prix.  <\/span><\/p>\n\t\t\t\t\t\t\t\t<\/div>\n\t\t\t\t<div class=\"elementor-element elementor-element-3f136d2 elementor-widget elementor-widget-text-editor\" data-id=\"3f136d2\" data-element_type=\"widget\" data-e-type=\"widget\" data-widget_type=\"text-editor.default\">\n\t\t\t\t\t\t\t\t\t<p>Khao Lak Land Discovery utilise ses propres bateaux rapides (nous coop\u00e9rons avec <a title=\"nous coop\u00e9rons avec Siam Adventure World\" href=\"https:\/\/siamadventureworld.com\/\" target=\"_blank\" rel=\"noopener nofollow\">Siam Adventure World<\/a>) pour se rendre sur les \u00eeles et peut garantir une excellente qualit\u00e9 de nos excursions ; nous ne voulons pas proposer des visites de qualit\u00e9 inf\u00e9rieure. En raison de notre objectif de toujours fournir des normes \u00e9lev\u00e9es, nous \u00e9valuons et testons constamment nos services pour am\u00e9liorer la qualit\u00e9 des visites, dans l&rsquo;espoir d&rsquo;offrir des vacances inoubliables \u00e0 nos clients. Nous employons maintenant du personnel parlant anglais, allemand, fran\u00e7ais et su\u00e9dois, ce qui te permet de tirer le meilleur parti de ton exp\u00e9rience avec nous.  <\/p>\n\t\t\t\t\t\t\t\t<\/div>\n\t\t\t\t<div class=\"elementor-element elementor-element-5ef1d2a elementor-widget elementor-widget-text-editor\" data-id=\"5ef1d2a\" data-element_type=\"widget\" data-e-type=\"widget\" data-widget_type=\"text-editor.default\">\n\t\t\t\t\t\t\t\t\t<p>Sur cette page, tu trouveras plus d&rsquo;informations sur Khao Lak Land Discovery et une pr\u00e9sentation de notre famille et de notre \u00e9quipe ici. Sur la page Khao Lak Beaches, tu peux \u00e9galement t\u00e9l\u00e9charger une carte de Khao Lak, Nang Thong Beach et Bang Niang Beach, notre emplacement et notre adresse. Utilise notre formulaire de contact pour nous envoyer toutes tes questions et soumets tes r\u00e9servations via notre formulaire de r\u00e9servation. La section Propri\u00e9t\u00e9 de ce site web contient des informations suppl\u00e9mentaires sur l&rsquo;immobilier dans cette r\u00e9gion.   <\/p>\n\t\t\t\t\t\t\t\t<\/div>\n\t\t\t\t<\/div>\n\t\t\t\t<\/div>\n\t\t\t\t\t<\/div>\n\t\t\t\t<\/div>\n\t\t<div class=\"elementor-element elementor-element-438a7bc e-flex e-con-boxed e-con e-parent\" data-id=\"438a7bc\" data-element_type=\"container\" data-e-type=\"container\">\n\t\t\t\t\t<div class=\"e-con-inner\">\n\t\t\t\t<div class=\"elementor-element elementor-element-a314dc6 elementor-widget elementor-widget-heading\" data-id=\"a314dc6\" data-element_type=\"widget\" data-e-type=\"widget\" data-widget_type=\"heading.default\">\n\t\t\t\t\t<h2 class=\"elementor-heading-title elementor-size-default\">Nos \u00e9quipes<\/h2>\t\t\t\t<\/div>\n\t\t\t\t\t<\/div>\n\t\t\t\t<\/div>\n\t\t<div class=\"elementor-element elementor-element-4287c61 e-flex e-con-boxed e-con e-parent\" data-id=\"4287c61\" data-element_type=\"container\" data-e-type=\"container\">\n\t\t\t\t\t<div class=\"e-con-inner\">\n\t\t<div class=\"elementor-element elementor-element-78ae919 e-con-full e-flex e-con e-child\" data-id=\"78ae919\" data-element_type=\"container\" data-e-type=\"container\">\n\t\t\t\t<div class=\"elementor-element elementor-element-9c943d2 elementor-widget__width-inherit elementor-widget elementor-widget-st_personal_infor\" data-id=\"9c943d2\" data-element_type=\"widget\" data-e-type=\"widget\" data-settings=\"{&quot;personal_style&quot;:&quot;style-1&quot;}\" data-widget_type=\"st_personal_infor.default\">\n\t\t\t\t<div class=\"elementor-widget-container\">\n\t\t\t\t\t<div class=\"item-personal-infor\">\r\n    <div class=\"thumb\">\r\n        <img decoding=\"async\" src=\"https:\/\/www.khaolaklanddiscovery.com\/wp-content\/uploads\/2025\/06\/K.Sorat-Srisuwan-Khao-Lak-Land-Discovery-Founder.jpg\" class=\"img-responsive\" alt=\"SORAT SRISUWAN\" title=\"-\">\r\n                        <div class=\"social\">\r\n                    <ul> \r\n                                                                        \r\n                                                                    <\/ul>\r\n                <\/div>\r\n                    \r\n    <\/div>\r\n                <p class=\"name\">SORAT SRISUWAN<\/p>\r\n                        <p class=\"position\">Owner of Khao Lak Land Discovery<\/p>\r\n        <\/div>\t\t\t\t<\/div>\n\t\t\t\t<\/div>\n\t\t\t\t<\/div>\n\t\t<div class=\"elementor-element elementor-element-ecdb01a e-con-full e-flex e-con e-child\" data-id=\"ecdb01a\" data-element_type=\"container\" data-e-type=\"container\">\n\t\t\t\t<div class=\"elementor-element elementor-element-a717b5e elementor-widget elementor-widget-st_personal_infor\" data-id=\"a717b5e\" data-element_type=\"widget\" data-e-type=\"widget\" data-settings=\"{&quot;personal_style&quot;:&quot;style-1&quot;}\" data-widget_type=\"st_personal_infor.default\">\n\t\t\t\t<div class=\"elementor-widget-container\">\n\t\t\t\t\t<div class=\"item-personal-infor\">\r\n    <div class=\"thumb\">\r\n        <img decoding=\"async\" src=\"\/wp-content\/uploads\/2023\/07\/Khun-Judy-Khao-Lak-Land-Discovery-1-e1688515819441.webp\" class=\"img-responsive\" alt=\"YUWADEE PRANWEERAPAIBUL\" title=\"-\">\r\n                        <div class=\"social\">\r\n                    <ul> \r\n                                                                        \r\n                                                                    <\/ul>\r\n                <\/div>\r\n                    \r\n    <\/div>\r\n                <p class=\"name\">YUWADEE PRANWEERAPAIBUL<\/p>\r\n                        <p class=\"position\">Director of Khao Lak Land Discovery<\/p>\r\n        <\/div>\t\t\t\t<\/div>\n\t\t\t\t<\/div>\n\t\t\t\t<\/div>\n\t\t<div class=\"elementor-element elementor-element-94e3f00 e-con-full e-flex e-con e-child\" data-id=\"94e3f00\" data-element_type=\"container\" data-e-type=\"container\">\n\t\t\t\t<div class=\"elementor-element elementor-element-aca85c2 elementor-widget elementor-widget-st_personal_infor\" data-id=\"aca85c2\" data-element_type=\"widget\" data-e-type=\"widget\" data-settings=\"{&quot;personal_style&quot;:&quot;style-1&quot;}\" data-widget_type=\"st_personal_infor.default\">\n\t\t\t\t<div class=\"elementor-widget-container\">\n\t\t\t\t\t<div class=\"item-personal-infor\">\r\n    <div class=\"thumb\">\r\n        <img decoding=\"async\" src=\"\/wp-content\/uploads\/2023\/07\/LEK-e1688515988636.webp\" class=\"img-responsive\" alt=\"CHALEOMCHAI PRANWEERAPAIBUL\" title=\"-\">\r\n                        <div class=\"social\">\r\n                    <ul> \r\n                                                                        \r\n                                                                    <\/ul>\r\n                <\/div>\r\n                    \r\n    <\/div>\r\n                <p class=\"name\">CHALEOMCHAI PRANWEERAPAIBUL<\/p>\r\n                        <p class=\"position\">Owner of Tropical Touristik<\/p>\r\n        <\/div>\t\t\t\t<\/div>\n\t\t\t\t<\/div>\n\t\t\t\t<\/div>\n\t\t<div class=\"elementor-element elementor-element-f44ec5d e-con-full e-flex e-con e-child\" data-id=\"f44ec5d\" data-element_type=\"container\" data-e-type=\"container\">\n\t\t\t\t<\/div>\n\t\t<div class=\"elementor-element elementor-element-5000165 e-con-full e-flex e-con e-child\" data-id=\"5000165\" data-element_type=\"container\" data-e-type=\"container\">\n\t\t\t\t<\/div>\n\t\t\t\t\t<\/div>\n\t\t\t\t<\/div>\n\t\t<div class=\"elementor-element elementor-element-80adb51 e-con-full e-flex e-con e-parent\" data-id=\"80adb51\" data-element_type=\"container\" data-e-type=\"container\">\n\t\t\t\t<div class=\"elementor-element elementor-element-f9d389f elementor-widget__width-inherit elementor-widget elementor-widget-html\" data-id=\"f9d389f\" data-element_type=\"widget\" data-e-type=\"widget\" data-widget_type=\"html.default\">\n\t\t\t\t\t<div class=\"map-responsive\">\n<iframe src=\"https:\/\/www.google.com\/maps\/embed?pb=!1m19!1m8!1m3!1d31555.88215336326!2d98.2514058!3d8.6453109!3m2!1i1024!2i768!4f13.1!4m8!3e6!4m0!4m5!1s0x3050eec501b2e5c5%3A0x7bd48208804c5031!2sKhao%20Lak%20Land%20Discovery%2021%20Khukkhak%205%20Tambon%20Khuekkhak%2C%20Takua%20Pa%20District%2C%20Phang%20Nga%2082220!3m2!1d8.6453109!2d98.2514058!5e0!3m2!1sen!2sth!4v1749199793678!5m2!1sen!2sth\" width=\"600\" height=\"900\" style=\"border:0;\" allowfullscreen=\"\" loading=\"lazy\" referrerpolicy=\"no-referrer-when-downgrade\"><\/iframe>\n<\/div>\t\t\t\t<\/div>\n\t\t\t\t<div class=\"elementor-element elementor-element-d333e31 elementor-widget__width-initial elementor-button-align-stretch elementor-widget elementor-widget-form\" data-id=\"d333e31\" data-element_type=\"widget\" data-e-type=\"widget\" data-settings=\"{&quot;step_next_label&quot;:&quot;SUIVANT&quot;,&quot;step_previous_label&quot;:&quot;PR\\u00c9C\\u00c9DENT&quot;,&quot;button_width&quot;:&quot;100&quot;,&quot;step_type&quot;:&quot;number_text&quot;,&quot;step_icon_shape&quot;:&quot;circle&quot;}\" data-widget_type=\"form.default\">\n\t\t\t\t\t\t\t<form class=\"elementor-form\" method=\"post\" name=\"Nous contacter\" aria-label=\"Nous contacter\">\n\t\t\t<input type=\"hidden\" name=\"post_id\" value=\"24820\"\/>\n\t\t\t<input type=\"hidden\" name=\"form_id\" value=\"d333e31\"\/>\n\t\t\t<input type=\"hidden\" name=\"referer_title\" value=\"\u00c0 Propos De Nous - Khao Lak Land Discovery\" \/>\n\n\t\t\t\t\t\t\t<input type=\"hidden\" name=\"queried_id\" value=\"24820\"\/>\n\t\t\t\n\t\t\t<div class=\"elementor-form-fields-wrapper elementor-labels-above\">\n\t\t\t\t\t\t\t\t<div class=\"elementor-field-type-html elementor-field-group elementor-column elementor-field-group-field_b623c0d elementor-col-100\">\n\t\t\t\t\t<h2>Nous contacter<\/h2>\t\t\t\t<\/div>\n\t\t\t\t\t\t\t\t<div class=\"elementor-field-type-text elementor-field-group elementor-column elementor-field-group-name elementor-col-100\">\n\t\t\t\t\t\t\t\t\t\t\t\t<label for=\"form-field-name\" class=\"elementor-field-label\">\n\t\t\t\t\t\t\t\tIntitul\u00e9\t\t\t\t\t\t\t<\/label>\n\t\t\t\t\t\t\t\t\t\t\t\t\t\t<input size=\"1\" type=\"text\" name=\"form_fields[name]\" id=\"form-field-name\" class=\"elementor-field elementor-size-sm  elementor-field-textual\" placeholder=\"Intitul\u00e9\">\n\t\t\t\t\t\t\t\t\t\t\t<\/div>\n\t\t\t\t\t\t\t\t<div class=\"elementor-field-type-tel elementor-field-group elementor-column elementor-field-group-field_1635e88 elementor-col-100\">\n\t\t\t\t\t\t\t\t\t\t\t\t<label for=\"form-field-field_1635e88\" class=\"elementor-field-label\">\n\t\t\t\t\t\t\t\tT\u00e9l\u00e9phone \/ WhatsApp ?\t\t\t\t\t\t\t<\/label>\n\t\t\t\t\t\t\t\t<input size=\"1\" type=\"tel\" name=\"form_fields[field_1635e88]\" id=\"form-field-field_1635e88\" class=\"elementor-field elementor-size-sm  elementor-field-textual\" placeholder=\"+66(0)1 979 0684\" pattern=\"[0-9()#&amp;+*-=.]+\" title=\"Seuls les caract\u00e8res de num\u00e9ros de t\u00e9l\u00e9phone (#, -, *, etc.) sont accept\u00e9s.\">\n\n\t\t\t\t\t\t<\/div>\n\t\t\t\t\t\t\t\t<div class=\"elementor-field-type-email elementor-field-group elementor-column elementor-field-group-email elementor-col-100 elementor-field-required elementor-mark-required\">\n\t\t\t\t\t\t\t\t\t\t\t\t<label for=\"form-field-email\" class=\"elementor-field-label\">\n\t\t\t\t\t\t\t\tAdresse e-mail\t\t\t\t\t\t\t<\/label>\n\t\t\t\t\t\t\t\t\t\t\t\t\t\t<input size=\"1\" type=\"email\" name=\"form_fields[email]\" id=\"form-field-email\" class=\"elementor-field elementor-size-sm  elementor-field-textual\" placeholder=\"Adresse e-mail\" required=\"required\">\n\t\t\t\t\t\t\t\t\t\t\t<\/div>\n\t\t\t\t\t\t\t\t<div class=\"elementor-field-type-textarea elementor-field-group elementor-column elementor-field-group-message elementor-col-100\">\n\t\t\t\t\t\t\t\t\t\t\t\t<label for=\"form-field-message\" class=\"elementor-field-label\">\n\t\t\t\t\t\t\t\tMessage\t\t\t\t\t\t\t<\/label>\n\t\t\t\t\t\t<textarea class=\"elementor-field-textual elementor-field  elementor-size-sm\" name=\"form_fields[message]\" id=\"form-field-message\" rows=\"4\" placeholder=\"Message\"><\/textarea>\t\t\t\t<\/div>\n\t\t\t\t\t\t\t\t<div class=\"elementor-field-type-recaptcha_v3 elementor-field-group elementor-column elementor-field-group-field_d6606d2 elementor-col-100 recaptcha_v3-bottomright\">\n\t\t\t\t\t<div class=\"elementor-field\" id=\"form-field-field_d6606d2\"><div class=\"elementor-g-recaptcha\" data-sitekey=\"6LcT_agUAAAAAOvMQuOSj9YhpnKNfx65GNO02D34\" data-type=\"v3\" data-action=\"Form\" data-badge=\"bottomright\" data-size=\"invisible\"><\/div><\/div>\t\t\t\t<\/div>\n\t\t\t\t\t\t\t\t<div class=\"elementor-field-group elementor-column elementor-field-type-submit elementor-col-100 e-form__buttons\">\n\t\t\t\t\t<button class=\"elementor-button elementor-size-md\" type=\"submit\">\n\t\t\t\t\t\t<span class=\"elementor-button-content-wrapper\">\n\t\t\t\t\t\t\t\t\t\t\t\t\t\t\t\t\t\t\t\t\t\t<span class=\"elementor-button-text\">ENVOYER<\/span>\n\t\t\t\t\t\t\t\t\t\t\t\t\t<\/span>\n\t\t\t\t\t<\/button>\n\t\t\t\t<\/div>\n\t\t\t<\/div>\n\t\t<\/form>\n\t\t\t\t\t\t<\/div>\n\t\t\t\t<\/div>\n\t\t\t\t<\/div>\n\t\t","protected":false},"excerpt":{"rendered":"<p>\u00c0 propos de nous KHAO LAK LAND DISCOVERY CO., LTD. 21\/5 Moo7, Thanon Petchkasem, Tambon Khuk Khak, Ampoe Takua Pa82220 Phang Nga, Tha\u00eflande T\u00e9l\u00e9phone : +66(0)76\/485 411 Mobile : +66 (0) 81 979 0684 (op\u00e9rations touristiques) Mobile : +66 (0) 83 104 0684 (service de transfert) E-MAIL : contact@khaolaklanddiscovery.com Site web : www.khaolaklanddiscovery.com KHAO LAK [&hellip;]<\/p>\n","protected":false},"author":1,"featured_media":0,"parent":0,"menu_order":0,"comment_status":"closed","ping_status":"closed","template":"elementor_header_footer","meta":{"footnotes":""},"class_list":["post-24820","page","type-page","status-publish","has-post-thumbnail","hentry"],"_links":{"self":[{"href":"https:\/\/www.khaolaklanddiscovery.com\/fr\/wp-json\/wp\/v2\/pages\/24820","targetHints":{"allow":["GET"]}}],"collection":[{"href":"https:\/\/www.khaolaklanddiscovery.com\/fr\/wp-json\/wp\/v2\/pages"}],"about":[{"href":"https:\/\/www.khaolaklanddiscovery.com\/fr\/wp-json\/wp\/v2\/types\/page"}],"author":[{"embeddable":true,"href":"https:\/\/www.khaolaklanddiscovery.com\/fr\/wp-json\/wp\/v2\/users\/1"}],"replies":[{"embeddable":true,"href":"https:\/\/www.khaolaklanddiscovery.com\/fr\/wp-json\/wp\/v2\/comments?post=24820"}],"version-history":[{"count":4,"href":"https:\/\/www.khaolaklanddiscovery.com\/fr\/wp-json\/wp\/v2\/pages\/24820\/revisions"}],"predecessor-version":[{"id":58545,"href":"https:\/\/www.khaolaklanddiscovery.com\/fr\/wp-json\/wp\/v2\/pages\/24820\/revisions\/58545"}],"wp:attachment":[{"href":"https:\/\/www.khaolaklanddiscovery.com\/fr\/wp-json\/wp\/v2\/media?parent=24820"}],"curies":[{"name":"wp","href":"https:\/\/api.w.org\/{rel}","templated":true}]}}