{"id":42385,"date":"2024-11-21T18:38:05","date_gmt":"2024-11-21T11:38:05","guid":{"rendered":"https:\/\/www.khaolaklanddiscovery.com\/?page_id=42385"},"modified":"2026-04-22T01:34:02","modified_gmt":"2026-04-21T18:34:02","slug":"bedingungen-und-konditionen","status":"publish","type":"page","link":"https:\/\/www.khaolaklanddiscovery.com\/de\/bedingungen-und-konditionen\/","title":{"rendered":"Gesch\u00e4ftsbedingungen"},"content":{"rendered":"\t\t<div data-elementor-type=\"wp-page\" data-elementor-id=\"42385\" class=\"elementor elementor-42385 elementor-40391\" data-elementor-post-type=\"page\">\n\t\t\t\t<div class=\"elementor-element elementor-element-1968497d e-flex e-con-boxed e-con e-parent\" data-id=\"1968497d\" data-element_type=\"container\" data-e-type=\"container\">\n\t\t\t\t\t<div class=\"e-con-inner\">\n\t\t\t\t<div class=\"elementor-element elementor-element-127a9b87 elementor-widget elementor-widget-text-editor\" data-id=\"127a9b87\" data-element_type=\"widget\" data-e-type=\"widget\" data-widget_type=\"text-editor.default\">\n\t\t\t\t\t\t\t\t\t<h2 style=\"text-align: center; padding: 1em;\">ALLGEMEINE GESCH\u00c4FTSBEDINGUNGEN<\/h2>\n<ul>\n \t<li>Wir behalten uns das Recht vor, Touren bei schlechtem Wetter, ung\u00fcnstigen Seebedingungen oder h\u00f6herer Gewalt abzusagen, zu \u00e4ndern oder zu verschieben. Sollten wir eine Tour absagen und eine Umbuchung nicht m\u00f6glich sein, erh\u00e4lt der Kunde eine vollst\u00e4ndige R\u00fcckerstattung. Die Parkgeb\u00fchren f\u00fcr die Similan-Inseln sind nicht erstattungsf\u00e4hig.  <\/li>\n \t<li>Bitte beachte, dass nicht alle Tourprogramme t\u00e4glich stattfinden. Bitte erkundige dich nach der Verf\u00fcgbarkeit der Tour, an der du interessiert bist, in unserem B\u00fcro oder bei einem unserer Vertriebsmitarbeiter. <\/li>\n \t<li>Alle Kunden sind w\u00e4hrend unserer Touren f\u00fcr ihre pers\u00f6nliche Sicherheit verantwortlich und sollten sich aller potenziellen Gefahren der Aktivit\u00e4ten bewusst sein, an denen sie teilnehmen.<\/li>\n \t<li>Den Anweisungen und Hinweisen der Reiseleiter ist jederzeit Folge zu leisten.<\/li>\n \t<li>Alle Kunden sind verpflichtet, die von Khao Lak Land Discovery Co. Ltd. bereitgestellte Ausr\u00fcstung sorgf\u00e4ltig zu handhaben und zu bedienen, um Sch\u00e4den, Unf\u00e4lle oder Verletzungen zu vermeiden. <\/li>\n \t<li>Aus Sicherheitsgr\u00fcnden empfehlen wir den Kunden, w\u00e4hrend der Fahrt im hinteren Teil des Schnellboots zu sitzen, aufgrund des erh\u00f6hten Verletzungsrisikos.<\/li>\n \t<li>Khao Lak Land Discovery Co. Ltd. haftet nicht f\u00fcr Verlust oder Besch\u00e4digung pers\u00f6nlicher Gegenst\u00e4nde. <\/li>\n \t<li>Personen \u00fcber 75 Jahren und Kleinkinder unter 2 Jahren sind nicht durch unsere Unfallversicherung abgedeckt.<\/li>\n \t<li>Schwangere Personen, Personen unter 4 Jahren oder \u00fcber 75 Jahren d\u00fcrfen an keiner unserer Schnellboottouren teilnehmen.<\/li>\n<\/ul>\n<h2 style=\"text-align: center; padding: 1em;\">STORNIERUNGSBEDINGUNGEN<\/h2>\n<ul>\n \t<li>Stornierungen von Ganztages-, Halbtages- und Schnellboottouren: Kunden m\u00fcssen unser B\u00fcro mindestens 24 Stunden vor der geplanten Tour \u00fcber eine Stornierung informieren, um eine vollst\u00e4ndige R\u00fcckerstattung zu erhalten. Die Parkgeb\u00fchren f\u00fcr die Similan-Inseln sind nicht erstattungsf\u00e4hig. F\u00fcr Stornierungen, die innerhalb von 24 Stunden vor der Tour erfolgen, wird keine R\u00fcckerstattung gew\u00e4hrt.  <\/li>\n \t<li>Stornierungen von \u00dcbernachtungstouren und privaten Schnellboot-Charterfahrten: Kunden m\u00fcssen unser B\u00fcro mindestens 7 Tage vor der geplanten Tour \u00fcber eine Stornierung informieren, um eine vollst\u00e4ndige R\u00fcckerstattung zu erhalten. Stornierungen, die nach 7 Tagen und vor 72 Stunden vor der Tour erfolgen, berechtigen zu einer 50 %-igen R\u00fcckerstattung. F\u00fcr Stornierungen, die innerhalb von 72 Stunden vor der Tour erfolgen, wird keine R\u00fcckerstattung gew\u00e4hrt. Die Parkgeb\u00fchren f\u00fcr die Similan-Inseln sind nicht erstattungsf\u00e4hig.   <\/li>\n \t<li>Stornierungen aufgrund von Krankheit oder Verletzung innerhalb von 24 Stunden vor der geplanten Tour: Bitte lege ein offizielles \u00e4rztliches Attest eines thail\u00e4ndischen Krankenhauses oder einer Klinik vor. Wir werden dann mit dir zusammenarbeiten, um die bestm\u00f6gliche L\u00f6sung zu finden. <\/li>\n<\/ul>\t\t\t\t\t\t\t\t<\/div>\n\t\t\t\t\t<\/div>\n\t\t\t\t<\/div>\n\t\t\t\t<\/div>\n\t\t","protected":false},"excerpt":{"rendered":"<p>ALLGEMEINE GESCH\u00c4FTSBEDINGUNGEN Wir behalten uns das Recht vor, Touren bei schlechtem Wetter, ung\u00fcnstigen Seebedingungen oder h\u00f6herer Gewalt abzusagen, zu \u00e4ndern oder zu verschieben. Sollten wir eine Tour absagen und eine Umbuchung nicht m\u00f6glich sein, erh\u00e4lt der Kunde eine vollst\u00e4ndige R\u00fcckerstattung. Die Parkgeb\u00fchren f\u00fcr die Similan-Inseln sind nicht erstattungsf\u00e4hig. Bitte beachte, dass nicht alle Tourprogramme t\u00e4glich [&hellip;]<\/p>\n","protected":false},"author":1,"featured_media":0,"parent":0,"menu_order":0,"comment_status":"closed","ping_status":"closed","template":"elementor_header_footer","meta":{"footnotes":""},"class_list":["post-42385","page","type-page","status-publish","has-post-thumbnail","hentry"],"_links":{"self":[{"href":"https:\/\/www.khaolaklanddiscovery.com\/de\/wp-json\/wp\/v2\/pages\/42385","targetHints":{"allow":["GET"]}}],"collection":[{"href":"https:\/\/www.khaolaklanddiscovery.com\/de\/wp-json\/wp\/v2\/pages"}],"about":[{"href":"https:\/\/www.khaolaklanddiscovery.com\/de\/wp-json\/wp\/v2\/types\/page"}],"author":[{"embeddable":true,"href":"https:\/\/www.khaolaklanddiscovery.com\/de\/wp-json\/wp\/v2\/users\/1"}],"replies":[{"embeddable":true,"href":"https:\/\/www.khaolaklanddiscovery.com\/de\/wp-json\/wp\/v2\/comments?post=42385"}],"version-history":[{"count":1,"href":"https:\/\/www.khaolaklanddiscovery.com\/de\/wp-json\/wp\/v2\/pages\/42385\/revisions"}],"predecessor-version":[{"id":53894,"href":"https:\/\/www.khaolaklanddiscovery.com\/de\/wp-json\/wp\/v2\/pages\/42385\/revisions\/53894"}],"wp:attachment":[{"href":"https:\/\/www.khaolaklanddiscovery.com\/de\/wp-json\/wp\/v2\/media?parent=42385"}],"curies":[{"name":"wp","href":"https:\/\/api.w.org\/{rel}","templated":true}]}}